{"id":24,"date":"2019-07-02T21:23:49","date_gmt":"2019-07-02T19:23:49","guid":{"rendered":"https:\/\/merleundmeer.de\/?page_id=24"},"modified":"2019-12-15T11:56:24","modified_gmt":"2019-12-15T10:56:24","slug":"ueber-mich","status":"publish","type":"page","link":"https:\/\/merleundmeer.de\/?page_id=24","title":{"rendered":"\u00dcber mich"},"content":{"rendered":"<p>Moin, mein Name ist Merle und ich mache gerade ein Freiwilliges \u00d6kologisches Jahr (F\u00d6J) im Erlebniszentrum Naturgewalten in List auf Sylt. Ich bin 19 Jahre alt und direkt nach dem Abitur hier in die vermutlich n\u00f6rdlichste WG Deutschlands gezogen. Ich liebe Kr\u00e4utertee, lange Strandspazierg\u00e4nge und nat\u00fcrlich meine Lieblingstiere im Watt, den B\u00e4umchenr\u00f6hrenwurm und den Einsiedlerkrebs. Auf diesem Blog schreibe ich \u00fcber meine Zeit auf Sylt, das Freiwillige \u00d6kologische Jahr und \u00fcber alles, was mich sonst noch so interessiert \ud83d\ude42<\/p>\n<p>Du m\u00f6chtest bei jedem neuen Eintrag eine Benachrichtigung erhalten? Dann\u00a0kannst Du Dich gerne <a href=\"https:\/\/merleundmeer.de\/?page_id=5\">hier f\u00fcr den Newsletter anmelden<\/a>. Ich w\u00fcrde mich freuen.<\/p>\n<p>Viele Gr\u00fc\u00dfe aus List auf Sylt<br \/>\n<img loading=\"lazy\" decoding=\"async\" class=\"wp-image-447 size-full alignleft\" src=\"https:\/\/merleundmeer.de\/wp-content\/uploads\/2019\/12\/Merle-e1576000370728.jpg\" alt=\"Merle\" width=\"84\" height=\"35\" \/><\/p>\n<p>&nbsp;<\/p>\n","protected":false},"excerpt":{"rendered":"<p>Moin, mein Name ist Merle und ich mache gerade ein Freiwilliges \u00d6kologisches Jahr (F\u00d6J) im Erlebniszentrum Naturgewalten in List auf Sylt. Ich bin 19 Jahre alt und direkt nach dem Abitur hier in die vermutlich&#8230;<\/p>\n<p class=\"read-more\"><a class=\"btn btn-default\" href=\"https:\/\/merleundmeer.de\/?page_id=24\"> Read More<span class=\"screen-reader-text\">  Read More<\/span><\/a><\/p>\n","protected":false},"author":1,"featured_media":74,"parent":0,"menu_order":0,"comment_status":"closed","ping_status":"closed","template":"","meta":{"footnotes":""},"class_list":["post-24","page","type-page","status-publish","has-post-thumbnail","hentry"],"yoast_head":"<!-- This site is optimized with the Yoast SEO plugin v24.5 - https:\/\/yoast.com\/wordpress\/plugins\/seo\/ -->\n<title>\u00dcber mich - Merle &amp; Meer<\/title>\n<meta name=\"robots\" content=\"index, follow, max-snippet:-1, max-image-preview:large, max-video-preview:-1\" \/>\n<link rel=\"canonical\" href=\"https:\/\/merleundmeer.de\/?page_id=24\" \/>\n<meta property=\"og:locale\" content=\"de_DE\" \/>\n<meta property=\"og:type\" content=\"article\" \/>\n<meta property=\"og:title\" content=\"\u00dcber mich - Merle &amp; Meer\" \/>\n<meta property=\"og:description\" content=\"Moin, mein Name ist Merle und ich mache gerade ein Freiwilliges \u00d6kologisches Jahr (F\u00d6J) im Erlebniszentrum Naturgewalten in List auf Sylt. Ich bin 19 Jahre alt und direkt nach dem Abitur hier in die vermutlich... Read More Read More\" \/>\n<meta property=\"og:url\" content=\"https:\/\/merleundmeer.de\/?page_id=24\" \/>\n<meta property=\"og:site_name\" content=\"Merle &amp; Meer\" \/>\n<meta property=\"article:modified_time\" content=\"2019-12-15T10:56:24+00:00\" \/>\n<meta property=\"og:image\" content=\"https:\/\/merleundmeer.de\/wp-content\/uploads\/2019\/10\/F19FA204-35FF-435F-A4F6-7518CA502EB4-e1570692081264.jpeg\" \/>\n\t<meta property=\"og:image:width\" content=\"1200\" \/>\n\t<meta property=\"og:image:height\" content=\"735\" \/>\n\t<meta property=\"og:image:type\" content=\"image\/jpeg\" \/>\n<meta name=\"twitter:card\" content=\"summary_large_image\" \/>\n<meta name=\"twitter:label1\" content=\"Gesch\u00e4tzte Lesezeit\" \/>\n\t<meta name=\"twitter:data1\" content=\"1\u00a0Minute\" \/>\n<script type=\"application\/ld+json\" class=\"yoast-schema-graph\">{\"@context\":\"https:\/\/schema.org\",\"@graph\":[{\"@type\":\"WebPage\",\"@id\":\"https:\/\/merleundmeer.de\/?page_id=24\",\"url\":\"https:\/\/merleundmeer.de\/?page_id=24\",\"name\":\"\u00dcber mich - Merle &amp; Meer\",\"isPartOf\":{\"@id\":\"https:\/\/merleundmeer.de\/#website\"},\"primaryImageOfPage\":{\"@id\":\"https:\/\/merleundmeer.de\/?page_id=24#primaryimage\"},\"image\":{\"@id\":\"https:\/\/merleundmeer.de\/?page_id=24#primaryimage\"},\"thumbnailUrl\":\"https:\/\/merleundmeer.de\/wp-content\/uploads\/2019\/10\/F19FA204-35FF-435F-A4F6-7518CA502EB4-e1570692081264.jpeg\",\"datePublished\":\"2019-07-02T19:23:49+00:00\",\"dateModified\":\"2019-12-15T10:56:24+00:00\",\"breadcrumb\":{\"@id\":\"https:\/\/merleundmeer.de\/?page_id=24#breadcrumb\"},\"inLanguage\":\"de\",\"potentialAction\":[{\"@type\":\"ReadAction\",\"target\":[\"https:\/\/merleundmeer.de\/?page_id=24\"]}]},{\"@type\":\"ImageObject\",\"inLanguage\":\"de\",\"@id\":\"https:\/\/merleundmeer.de\/?page_id=24#primaryimage\",\"url\":\"https:\/\/merleundmeer.de\/wp-content\/uploads\/2019\/10\/F19FA204-35FF-435F-A4F6-7518CA502EB4-e1570692081264.jpeg\",\"contentUrl\":\"https:\/\/merleundmeer.de\/wp-content\/uploads\/2019\/10\/F19FA204-35FF-435F-A4F6-7518CA502EB4-e1570692081264.jpeg\",\"width\":1200,\"height\":735},{\"@type\":\"BreadcrumbList\",\"@id\":\"https:\/\/merleundmeer.de\/?page_id=24#breadcrumb\",\"itemListElement\":[{\"@type\":\"ListItem\",\"position\":1,\"name\":\"Startseite\",\"item\":\"https:\/\/merleundmeer.de\/\"},{\"@type\":\"ListItem\",\"position\":2,\"name\":\"\u00dcber mich\"}]},{\"@type\":\"WebSite\",\"@id\":\"https:\/\/merleundmeer.de\/#website\",\"url\":\"https:\/\/merleundmeer.de\/\",\"name\":\"Merle &amp; Meer\",\"description\":\"Ein Blog \u00fcber mein F\u00d6J auf Sylt\",\"publisher\":{\"@id\":\"https:\/\/merleundmeer.de\/#\/schema\/person\/d36455d22773dafe41ec94d3300363a3\"},\"potentialAction\":[{\"@type\":\"SearchAction\",\"target\":{\"@type\":\"EntryPoint\",\"urlTemplate\":\"https:\/\/merleundmeer.de\/?s={search_term_string}\"},\"query-input\":{\"@type\":\"PropertyValueSpecification\",\"valueRequired\":true,\"valueName\":\"search_term_string\"}}],\"inLanguage\":\"de\"},{\"@type\":[\"Person\",\"Organization\"],\"@id\":\"https:\/\/merleundmeer.de\/#\/schema\/person\/d36455d22773dafe41ec94d3300363a3\",\"name\":\"Merle\",\"image\":{\"@type\":\"ImageObject\",\"inLanguage\":\"de\",\"@id\":\"https:\/\/merleundmeer.de\/#\/schema\/person\/image\/\",\"url\":\"https:\/\/merleundmeer.de\/wp-content\/uploads\/2019\/12\/MuM5-e1575205861141.jpg\",\"contentUrl\":\"https:\/\/merleundmeer.de\/wp-content\/uploads\/2019\/12\/MuM5-e1575205861141.jpg\",\"width\":149,\"height\":34,\"caption\":\"Merle\"},\"logo\":{\"@id\":\"https:\/\/merleundmeer.de\/#\/schema\/person\/image\/\"}}]}<\/script>\n<!-- \/ Yoast SEO plugin. -->","yoast_head_json":{"title":"\u00dcber mich - Merle &amp; Meer","robots":{"index":"index","follow":"follow","max-snippet":"max-snippet:-1","max-image-preview":"max-image-preview:large","max-video-preview":"max-video-preview:-1"},"canonical":"https:\/\/merleundmeer.de\/?page_id=24","og_locale":"de_DE","og_type":"article","og_title":"\u00dcber mich - Merle &amp; Meer","og_description":"Moin, mein Name ist Merle und ich mache gerade ein Freiwilliges \u00d6kologisches Jahr (F\u00d6J) im Erlebniszentrum Naturgewalten in List auf Sylt. Ich bin 19 Jahre alt und direkt nach dem Abitur hier in die vermutlich... Read More Read More","og_url":"https:\/\/merleundmeer.de\/?page_id=24","og_site_name":"Merle &amp; Meer","article_modified_time":"2019-12-15T10:56:24+00:00","og_image":[{"width":1200,"height":735,"url":"https:\/\/merleundmeer.de\/wp-content\/uploads\/2019\/10\/F19FA204-35FF-435F-A4F6-7518CA502EB4-e1570692081264.jpeg","type":"image\/jpeg"}],"twitter_card":"summary_large_image","twitter_misc":{"Gesch\u00e4tzte Lesezeit":"1\u00a0Minute"},"schema":{"@context":"https:\/\/schema.org","@graph":[{"@type":"WebPage","@id":"https:\/\/merleundmeer.de\/?page_id=24","url":"https:\/\/merleundmeer.de\/?page_id=24","name":"\u00dcber mich - Merle &amp; Meer","isPartOf":{"@id":"https:\/\/merleundmeer.de\/#website"},"primaryImageOfPage":{"@id":"https:\/\/merleundmeer.de\/?page_id=24#primaryimage"},"image":{"@id":"https:\/\/merleundmeer.de\/?page_id=24#primaryimage"},"thumbnailUrl":"https:\/\/merleundmeer.de\/wp-content\/uploads\/2019\/10\/F19FA204-35FF-435F-A4F6-7518CA502EB4-e1570692081264.jpeg","datePublished":"2019-07-02T19:23:49+00:00","dateModified":"2019-12-15T10:56:24+00:00","breadcrumb":{"@id":"https:\/\/merleundmeer.de\/?page_id=24#breadcrumb"},"inLanguage":"de","potentialAction":[{"@type":"ReadAction","target":["https:\/\/merleundmeer.de\/?page_id=24"]}]},{"@type":"ImageObject","inLanguage":"de","@id":"https:\/\/merleundmeer.de\/?page_id=24#primaryimage","url":"https:\/\/merleundmeer.de\/wp-content\/uploads\/2019\/10\/F19FA204-35FF-435F-A4F6-7518CA502EB4-e1570692081264.jpeg","contentUrl":"https:\/\/merleundmeer.de\/wp-content\/uploads\/2019\/10\/F19FA204-35FF-435F-A4F6-7518CA502EB4-e1570692081264.jpeg","width":1200,"height":735},{"@type":"BreadcrumbList","@id":"https:\/\/merleundmeer.de\/?page_id=24#breadcrumb","itemListElement":[{"@type":"ListItem","position":1,"name":"Startseite","item":"https:\/\/merleundmeer.de\/"},{"@type":"ListItem","position":2,"name":"\u00dcber mich"}]},{"@type":"WebSite","@id":"https:\/\/merleundmeer.de\/#website","url":"https:\/\/merleundmeer.de\/","name":"Merle &amp; Meer","description":"Ein Blog \u00fcber mein F\u00d6J auf Sylt","publisher":{"@id":"https:\/\/merleundmeer.de\/#\/schema\/person\/d36455d22773dafe41ec94d3300363a3"},"potentialAction":[{"@type":"SearchAction","target":{"@type":"EntryPoint","urlTemplate":"https:\/\/merleundmeer.de\/?s={search_term_string}"},"query-input":{"@type":"PropertyValueSpecification","valueRequired":true,"valueName":"search_term_string"}}],"inLanguage":"de"},{"@type":["Person","Organization"],"@id":"https:\/\/merleundmeer.de\/#\/schema\/person\/d36455d22773dafe41ec94d3300363a3","name":"Merle","image":{"@type":"ImageObject","inLanguage":"de","@id":"https:\/\/merleundmeer.de\/#\/schema\/person\/image\/","url":"https:\/\/merleundmeer.de\/wp-content\/uploads\/2019\/12\/MuM5-e1575205861141.jpg","contentUrl":"https:\/\/merleundmeer.de\/wp-content\/uploads\/2019\/12\/MuM5-e1575205861141.jpg","width":149,"height":34,"caption":"Merle"},"logo":{"@id":"https:\/\/merleundmeer.de\/#\/schema\/person\/image\/"}}]}},"jetpack_sharing_enabled":false,"_links":{"self":[{"href":"https:\/\/merleundmeer.de\/index.php?rest_route=\/wp\/v2\/pages\/24","targetHints":{"allow":["GET"]}}],"collection":[{"href":"https:\/\/merleundmeer.de\/index.php?rest_route=\/wp\/v2\/pages"}],"about":[{"href":"https:\/\/merleundmeer.de\/index.php?rest_route=\/wp\/v2\/types\/page"}],"author":[{"embeddable":true,"href":"https:\/\/merleundmeer.de\/index.php?rest_route=\/wp\/v2\/users\/1"}],"replies":[{"embeddable":true,"href":"https:\/\/merleundmeer.de\/index.php?rest_route=%2Fwp%2Fv2%2Fcomments&post=24"}],"version-history":[{"count":21,"href":"https:\/\/merleundmeer.de\/index.php?rest_route=\/wp\/v2\/pages\/24\/revisions"}],"predecessor-version":[{"id":465,"href":"https:\/\/merleundmeer.de\/index.php?rest_route=\/wp\/v2\/pages\/24\/revisions\/465"}],"wp:featuredmedia":[{"embeddable":true,"href":"https:\/\/merleundmeer.de\/index.php?rest_route=\/wp\/v2\/media\/74"}],"wp:attachment":[{"href":"https:\/\/merleundmeer.de\/index.php?rest_route=%2Fwp%2Fv2%2Fmedia&parent=24"}],"curies":[{"name":"wp","href":"https:\/\/api.w.org\/{rel}","templated":true}]}}